{"id":2,"date":"2011-01-09T08:11:04","date_gmt":"2011-01-09T07:11:04","guid":{"rendered":"http:\/\/www.mueller-michel.ch\/?page_id=2"},"modified":"2011-03-01T21:01:34","modified_gmt":"2011-03-01T20:01:34","slug":"eine-seite","status":"publish","type":"page","link":"https:\/\/www.mueller-michel.ch\/","title":{"rendered":"Herzlich willkommen auf unserer Webseite"},"content":{"rendered":"<p>\u00a0<a href=\"http:\/\/www.mueller-michel.ch\/wp-content\/uploads\/DSC01992.jpg\"><img loading=\"lazy\" decoding=\"async\" class=\"alignnone size-medium wp-image-19\" title=\"Fabian und Lisa\" src=\"http:\/\/www.mueller-michel.ch\/wp-content\/uploads\/DSC01992-300x225.jpg\" alt=\"\" width=\"300\" height=\"225\" srcset=\"https:\/\/www.mueller-michel.ch\/wp-content\/uploads\/DSC01992-300x225.jpg 300w, https:\/\/www.mueller-michel.ch\/wp-content\/uploads\/DSC01992-1024x768.jpg 1024w\" sizes=\"auto, (max-width: 300px) 100vw, 300px\" \/><\/a><\/p>\n<p>Hallo und herzlich willkommen auf unserer Homepage. Hier findet ihr von Zeit zu Zeit neue Informationen \u00fcber unsere Familie, was wir so treiben und wie es uns geht.<\/p>\n<p>Nat\u00fcrlich sind die pers\u00f6nlichen Dinge gesch\u00fctzt, wer sich daf\u00fcr interessiert, kann selbstverst\u00e4ndlich anmelden und erh\u00e4lt dann ein Passwort.<\/p>\n<p>Wir w\u00fcnschen allen ein gutes neues Jahr.<\/p>\n<p>StAnFaLi<\/p>\n","protected":false},"excerpt":{"rendered":"<p>\u00a0 Hallo und herzlich willkommen auf unserer Homepage. Hier findet ihr von Zeit zu Zeit neue Informationen \u00fcber unsere Familie, was wir so treiben und wie es uns geht. Nat\u00fcrlich sind die pers\u00f6nlichen Dinge gesch\u00fctzt, wer sich daf\u00fcr interessiert, kann selbstverst\u00e4ndlich anmelden und erh\u00e4lt dann ein Passwort. Wir w\u00fcnschen allen ein gutes neues Jahr. StAnFaLi<\/p>\n","protected":false},"author":6,"featured_media":0,"parent":0,"menu_order":0,"comment_status":"closed","ping_status":"closed","template":"","meta":{"ngg_post_thumbnail":0,"footnotes":""},"class_list":["post-2","page","type-page","status-publish","hentry"],"_links":{"self":[{"href":"https:\/\/www.mueller-michel.ch\/index.php?rest_route=\/wp\/v2\/pages\/2","targetHints":{"allow":["GET"]}}],"collection":[{"href":"https:\/\/www.mueller-michel.ch\/index.php?rest_route=\/wp\/v2\/pages"}],"about":[{"href":"https:\/\/www.mueller-michel.ch\/index.php?rest_route=\/wp\/v2\/types\/page"}],"author":[{"embeddable":true,"href":"https:\/\/www.mueller-michel.ch\/index.php?rest_route=\/wp\/v2\/users\/6"}],"replies":[{"embeddable":true,"href":"https:\/\/www.mueller-michel.ch\/index.php?rest_route=%2Fwp%2Fv2%2Fcomments&post=2"}],"version-history":[{"count":11,"href":"https:\/\/www.mueller-michel.ch\/index.php?rest_route=\/wp\/v2\/pages\/2\/revisions"}],"predecessor-version":[{"id":9,"href":"https:\/\/www.mueller-michel.ch\/index.php?rest_route=\/wp\/v2\/pages\/2\/revisions\/9"}],"wp:attachment":[{"href":"https:\/\/www.mueller-michel.ch\/index.php?rest_route=%2Fwp%2Fv2%2Fmedia&parent=2"}],"curies":[{"name":"wp","href":"https:\/\/api.w.org\/{rel}","templated":true}]}}